{"id":1361,"date":"2022-01-20T10:15:05","date_gmt":"2022-01-20T09:15:05","guid":{"rendered":"http:\/\/www.dieparteifreien.at\/?page_id=1361"},"modified":"2022-02-20T09:52:46","modified_gmt":"2022-02-20T08:52:46","slug":"gewinnspiel","status":"publish","type":"page","link":"http:\/\/www.dieparteifreien.at\/?page_id=1361","title":{"rendered":"Gewinnspiel"},"content":{"rendered":"\n<p>In unserem Buch-Projekt &#8222;<strong><em><a href=\"http:\/\/www.dieparteifreien.at\/?p=1491\">Wie man eine Perle findet<\/a><\/em><\/strong>&#8220; haben wir unsere Visionen f\u00fcr Kufstein in eine romantische Geschichte verpackt. Diese k\u00f6nnen Sie entweder in Buchform (gratis erh\u00e4ltlich bei Gitta&#8217;s am Unteren Stadtplatz) oder auch als <a rel=\"noreferrer noopener\" href=\"https:\/\/open.spotify.com\/episode\/2hzSpOOFnOu1hDhaENvz3M\" target=\"_blank\">H\u00f6rbuch<\/a> genie\u00dfen.<\/p>\n\n\n\n<p>F\u00fcr alle, die die ganze Geschichte bis zu ihrem sch\u00f6nen Ende verfolgt haben, war es sicherlich nicht schwer, die 10 Quiz-Fragen zu beantworten, die wir uns dazu ausgedacht haben. Unter den Einsendungen mit den meisten richtigen Antworten verlosten wir <strong>30 mal \u20ac 100 in Kufsteiner Dukaten!<\/strong><\/p>\n\n\n\n<p>Unser Gewinnspiel ist nun offiziell beendet. Wir d\u00fcrfen den letzten 10 Gewinner:innen herzlich zu jeweils \u20ac100 in Kufsteiner Dukaten gratulieren und werden sie in K\u00fcrze pers\u00f6nlich verst\u00e4ndigen. Die letzte Runde war besonders spannend. \u00dcber 40 Personen haben diesmal alle 10 Fragen richtig beantwortet. Per Zufallszahlengenerator haben wir 10 dieser 40 ausgelost. Insgesamt haben mehr als 100 Personen an unserem Gewinnspiel teilgenommen.<\/p>\n\n\n\n<figure class=\"wp-block-gallery has-nested-images columns-default is-cropped wp-block-gallery-1 is-layout-flex wp-block-gallery-is-layout-flex\">\n<figure class=\"wp-block-image size-large\"><img loading=\"lazy\" decoding=\"async\" width=\"600\" height=\"503\" data-id=\"1711\" src=\"http:\/\/www.dieparteifreien.at\/wp-content\/uploads\/2022\/02\/quiz-r1-600x503.jpg\" alt=\"\" class=\"wp-image-1711\" srcset=\"http:\/\/www.dieparteifreien.at\/wp-content\/uploads\/2022\/02\/quiz-r1-600x503.jpg 600w, http:\/\/www.dieparteifreien.at\/wp-content\/uploads\/2022\/02\/quiz-r1-120x101.jpg 120w, http:\/\/www.dieparteifreien.at\/wp-content\/uploads\/2022\/02\/quiz-r1-768x644.jpg 768w, http:\/\/www.dieparteifreien.at\/wp-content\/uploads\/2022\/02\/quiz-r1.jpg 859w\" sizes=\"auto, (max-width: 600px) 100vw, 600px\" \/><\/figure>\n\n\n\n<figure class=\"wp-block-image size-large\"><img loading=\"lazy\" decoding=\"async\" width=\"600\" height=\"503\" data-id=\"1712\" src=\"http:\/\/www.dieparteifreien.at\/wp-content\/uploads\/2022\/02\/quiz3-600x503.jpg\" alt=\"\" class=\"wp-image-1712\" srcset=\"http:\/\/www.dieparteifreien.at\/wp-content\/uploads\/2022\/02\/quiz3-600x503.jpg 600w, http:\/\/www.dieparteifreien.at\/wp-content\/uploads\/2022\/02\/quiz3-120x101.jpg 120w, http:\/\/www.dieparteifreien.at\/wp-content\/uploads\/2022\/02\/quiz3-768x644.jpg 768w, http:\/\/www.dieparteifreien.at\/wp-content\/uploads\/2022\/02\/quiz3.jpg 859w\" sizes=\"auto, (max-width: 600px) 100vw, 600px\" \/><\/figure>\n\n\n\n<figure class=\"wp-block-image size-large\"><img loading=\"lazy\" decoding=\"async\" width=\"600\" height=\"503\" data-id=\"1713\" src=\"http:\/\/www.dieparteifreien.at\/wp-content\/uploads\/2022\/02\/quiz-last-600x503.jpg\" alt=\"\" class=\"wp-image-1713\" srcset=\"http:\/\/www.dieparteifreien.at\/wp-content\/uploads\/2022\/02\/quiz-last-600x503.jpg 600w, http:\/\/www.dieparteifreien.at\/wp-content\/uploads\/2022\/02\/quiz-last-120x101.jpg 120w, http:\/\/www.dieparteifreien.at\/wp-content\/uploads\/2022\/02\/quiz-last-768x644.jpg 768w, http:\/\/www.dieparteifreien.at\/wp-content\/uploads\/2022\/02\/quiz-last-1536x1287.jpg 1536w, http:\/\/www.dieparteifreien.at\/wp-content\/uploads\/2022\/02\/quiz-last-2048x1716.jpg 2048w\" sizes=\"auto, (max-width: 600px) 100vw, 600px\" \/><\/figure>\n<\/figure>\n\n\n\n<div class=\"wp-block-image\"><figure class=\"aligncenter size-large\"><img loading=\"lazy\" decoding=\"async\" width=\"600\" height=\"536\" src=\"http:\/\/www.dieparteifreien.at\/wp-content\/uploads\/2022\/01\/lift-600x536.jpg\" alt=\"\" class=\"wp-image-1362\" srcset=\"http:\/\/www.dieparteifreien.at\/wp-content\/uploads\/2022\/01\/lift-600x536.jpg 600w, http:\/\/www.dieparteifreien.at\/wp-content\/uploads\/2022\/01\/lift-120x107.jpg 120w, http:\/\/www.dieparteifreien.at\/wp-content\/uploads\/2022\/01\/lift.jpg 759w\" sizes=\"auto, (max-width: 600px) 100vw, 600px\" \/><\/figure><\/div>\n","protected":false},"excerpt":{"rendered":"<p>In unserem Buch-Projekt &#8222;Wie man eine Perle findet&#8220; haben wir<\/p>\n","protected":false},"author":2,"featured_media":0,"parent":0,"menu_order":4,"comment_status":"closed","ping_status":"closed","template":"","meta":{"footnotes":""},"class_list":["post-1361","page","type-page","status-publish","hentry","comments-off"],"_links":{"self":[{"href":"http:\/\/www.dieparteifreien.at\/index.php?rest_route=\/wp\/v2\/pages\/1361","targetHints":{"allow":["GET"]}}],"collection":[{"href":"http:\/\/www.dieparteifreien.at\/index.php?rest_route=\/wp\/v2\/pages"}],"about":[{"href":"http:\/\/www.dieparteifreien.at\/index.php?rest_route=\/wp\/v2\/types\/page"}],"author":[{"embeddable":true,"href":"http:\/\/www.dieparteifreien.at\/index.php?rest_route=\/wp\/v2\/users\/2"}],"replies":[{"embeddable":true,"href":"http:\/\/www.dieparteifreien.at\/index.php?rest_route=%2Fwp%2Fv2%2Fcomments&post=1361"}],"version-history":[{"count":6,"href":"http:\/\/www.dieparteifreien.at\/index.php?rest_route=\/wp\/v2\/pages\/1361\/revisions"}],"predecessor-version":[{"id":1714,"href":"http:\/\/www.dieparteifreien.at\/index.php?rest_route=\/wp\/v2\/pages\/1361\/revisions\/1714"}],"wp:attachment":[{"href":"http:\/\/www.dieparteifreien.at\/index.php?rest_route=%2Fwp%2Fv2%2Fmedia&parent=1361"}],"curies":[{"name":"wp","href":"https:\/\/api.w.org\/{rel}","templated":true}]}}