{"id":862,"date":"2016-03-01T12:14:50","date_gmt":"2016-03-01T11:14:50","guid":{"rendered":"http:\/\/www.dieparteifreien.at\/?page_id=862"},"modified":"2022-01-20T14:48:53","modified_gmt":"2022-01-20T13:48:53","slug":"kufstein-wir-leben-dich","status":"publish","type":"page","link":"http:\/\/www.dieparteifreien.at\/?page_id=862","title":{"rendered":"Kufstein 2030!"},"content":{"rendered":"<div class=\"page\" title=\"Page 1\">\n<div class=\"section\">\n<div class=\"layoutArea\">\n<div class=\"column\">\n<h6>Eckpunkte einer Vision&nbsp;<strong>der Fraktion \u201eDie Parteifreien\u201c&nbsp; (<\/strong><a href=\"http:\/\/www.dieparteifreien.at\/wp-content\/uploads\/2022\/01\/Kufstein-2030.pdf\">pdf-Download<\/a>)<\/h6>\n<\/div>\n<\/div>\n<\/div>\n<\/div>\n<div class=\"page\" title=\"Page 2\">\n<div class=\"section\">\n<div class=\"layoutArea\">\n<div class=\"column\"><\/div>\n<\/div>\n<\/div>\n<\/div>\n\n\n<p>Ein Jahrzehnt ging zu Ende, das n\u00e4chste Jahrzehnt hat &#8211; dominiert von der Coronakrise &#8211; begonnen. Seit nunmehr 12 Jahren d\u00fcrfen wir die Entwicklung der Stadt Kufstein f\u00fchrend mitgestalten und haben vieles von dem umgesetzt, was wir uns vorgenommen haben. <strong>Unser Vorgehen beruhte schon bisher ohne jeglichen Fraktionszwang auf einvernehmlich gefundenen L\u00f6sungen auf der Basis gemeinsamer Werte.<\/strong> Wir haben in diesen 12 Jahren <strong>bewiesen, dass wir unsere Pl\u00e4ne auch umsetzen<\/strong>, die Ver\u00e4nderungen in unserer Stadt sind in allen Bereichen deutlich sichtbar geworden. Nicht nur die bauliche Situation (z.B. Gestaltung der Innenstadt, Begegnungszonen, Stadtpark, Fischergries) wurde erheblich verbessert, sondern auch im Bereich der Bildung (neue Kinderg\u00e4rten und Schulen), in der Kultur (Kulturquartier, neue Veranstaltungsreihen) und im Sport (z.B. neue Hallen) wurde viel bewegt. Leistbare Wohnungen (Neubau S\u00fcdtiroler Siedlung und weitere unmittelbar heranstehende Projekte der Gemeinn\u00fctzigen, Vertragsraumordnung mit leistbaren Eigentumswohnungen auch bei privaten Bauvorhaben) und Verbesserungen f\u00fcr \u00e4ltere Menschen (Neues Altenwohnheim Innpark, Umbau Altenwohnheim Zell, betreutes Wohnen am Bahnhof, Tagesbetreuung beim Sozialsprengel) waren uns dabei ein Anliegen. <strong>Eine (sicher nicht vollst\u00e4ndige) Aufz\u00e4hlung aus den letzten 12 Jahren soll das ein wenig beleuchten.<\/strong><\/p>\n\n\n\n<p><strong>Wir wollen damit auszeigen, dass wir auch in Zukunft umsetzen, was wir heute ank\u00fcndigen!<\/strong><\/p>\n\n\n\n<p>Auch wenn die technischen und gesellschaftlichen Entwicklungen, die aufeinander Einfluss haben werden, schwierig f\u00fcr den Zeitraum eines Jahrzehntes vorherzusehen sind, soll doch versucht werden, f\u00fcr die Stadt Kufstein eine Vision f\u00fcr das angebrochene Jahrzehnt zu formulieren, wobei alle Ma\u00dfnahmen in den n\u00e4chsten Jahren ja auch die weitere Zukunft unserer Stadt pr\u00e4gen werden. In unserem <strong>Buch \u201e<a href=\"http:\/\/www.dieparteifreien.at\/?p=1491\" target=\"_blank\" rel=\"noreferrer noopener\">Wie man eine Perle findet<\/a>\u201c<\/strong>, das unser Kulturreferent Dr. Klaus Reitberger niedergeschrieben hat, haben wir an die 80 Ideen formuliert, die im n\u00e4chsten Jahrzehnt in Kufstein umgesetzt werden k\u00f6nnten und diese in eine Geschichte eingebaut, die in unserer Stadt spielt. In diesem Papier sollen nun einige weitere Vorschl\u00e4ge gemacht werden, wie sich Kufstein aus unserer Sicht weiterentwickeln sollte. Damit ist die Diskussion \u00fcber unsere Vorschl\u00e4ge er\u00f6ffnet!<\/p>\n\n\n\n<div class=\"wp-block-columns is-layout-flex wp-container-core-columns-is-layout-9d6595d7 wp-block-columns-is-layout-flex\">\n<div class=\"wp-block-column is-layout-flow wp-block-column-is-layout-flow\"><h2 class=\"wp-block-post-title\">Kufstein 2030!<\/h2>\n\n<ul class=\"wp-block-latest-posts__list wp-block-latest-posts\"><li><a class=\"wp-block-latest-posts__post-title\" href=\"http:\/\/www.dieparteifreien.at\/?p=1447\">Was bisher geschah &#8230;<\/a><\/li>\n<li><a class=\"wp-block-latest-posts__post-title\" href=\"http:\/\/www.dieparteifreien.at\/?p=1444\">I. Die Stadt<\/a><\/li>\n<li><a class=\"wp-block-latest-posts__post-title\" href=\"http:\/\/www.dieparteifreien.at\/?p=1441\">II. Bev\u00f6lkerung<\/a><\/li>\n<li><a class=\"wp-block-latest-posts__post-title\" href=\"http:\/\/www.dieparteifreien.at\/?p=1438\">III. Bildung<\/a><\/li>\n<li><a class=\"wp-block-latest-posts__post-title\" href=\"http:\/\/www.dieparteifreien.at\/?p=1435\">IV. Diversit\u00e4t und Inklusion<\/a><\/li>\n<li><a class=\"wp-block-latest-posts__post-title\" href=\"http:\/\/www.dieparteifreien.at\/?p=1431\">V. Jugend und junge Erwachsene<\/a><\/li>\n<li><a class=\"wp-block-latest-posts__post-title\" href=\"http:\/\/www.dieparteifreien.at\/?p=1427\">VI. Klimaschutz<\/a><\/li>\n<li><a class=\"wp-block-latest-posts__post-title\" href=\"http:\/\/www.dieparteifreien.at\/?p=1424\">VII. Kultur<\/a><\/li>\n<li><a class=\"wp-block-latest-posts__post-title\" href=\"http:\/\/www.dieparteifreien.at\/?p=1421\">VIII. Sport<\/a><\/li>\n<li><a class=\"wp-block-latest-posts__post-title\" href=\"http:\/\/www.dieparteifreien.at\/?p=1417\">IX. Verkehr und Mobilit\u00e4t<\/a><\/li>\n<li><a class=\"wp-block-latest-posts__post-title\" href=\"http:\/\/www.dieparteifreien.at\/?p=1414\">X. Alter<\/a><\/li>\n<li><a class=\"wp-block-latest-posts__post-title\" href=\"http:\/\/www.dieparteifreien.at\/?p=1411\">XI. Bauen und Wohnen<\/a><\/li>\n<li><a class=\"wp-block-latest-posts__post-title\" href=\"http:\/\/www.dieparteifreien.at\/?p=1408\">XII. Soziales<\/a><\/li>\n<li><a class=\"wp-block-latest-posts__post-title\" href=\"http:\/\/www.dieparteifreien.at\/?p=1405\">XIII. Tierschutz<\/a><\/li>\n<li><a class=\"wp-block-latest-posts__post-title\" href=\"http:\/\/www.dieparteifreien.at\/?p=1400\">XIV. Wirtschaft<\/a><\/li>\n<li><a class=\"wp-block-latest-posts__post-title\" href=\"http:\/\/www.dieparteifreien.at\/?p=1398\">XV Und sonst?<\/a><\/li>\n<li><a class=\"wp-block-latest-posts__post-title\" href=\"http:\/\/www.dieparteifreien.at\/?p=1491\">Wie man eine Perle findet<\/a><\/li>\n<\/ul><\/div>\n<\/div>\n","protected":false},"excerpt":{"rendered":"<p>Eckpunkte einer Vision&nbsp;der Fraktion \u201eDie Parteifreien\u201c&nbsp; (pdf-Download) Ein Jahrzehnt ging<\/p>\n","protected":false},"author":1,"featured_media":0,"parent":0,"menu_order":7,"comment_status":"closed","ping_status":"closed","template":"","meta":{"footnotes":""},"class_list":["post-862","page","type-page","status-publish","hentry","comments-off"],"_links":{"self":[{"href":"http:\/\/www.dieparteifreien.at\/index.php?rest_route=\/wp\/v2\/pages\/862","targetHints":{"allow":["GET"]}}],"collection":[{"href":"http:\/\/www.dieparteifreien.at\/index.php?rest_route=\/wp\/v2\/pages"}],"about":[{"href":"http:\/\/www.dieparteifreien.at\/index.php?rest_route=\/wp\/v2\/types\/page"}],"author":[{"embeddable":true,"href":"http:\/\/www.dieparteifreien.at\/index.php?rest_route=\/wp\/v2\/users\/1"}],"replies":[{"embeddable":true,"href":"http:\/\/www.dieparteifreien.at\/index.php?rest_route=%2Fwp%2Fv2%2Fcomments&post=862"}],"version-history":[{"count":14,"href":"http:\/\/www.dieparteifreien.at\/index.php?rest_route=\/wp\/v2\/pages\/862\/revisions"}],"predecessor-version":[{"id":1505,"href":"http:\/\/www.dieparteifreien.at\/index.php?rest_route=\/wp\/v2\/pages\/862\/revisions\/1505"}],"wp:attachment":[{"href":"http:\/\/www.dieparteifreien.at\/index.php?rest_route=%2Fwp%2Fv2%2Fmedia&parent=862"}],"curies":[{"name":"wp","href":"https:\/\/api.w.org\/{rel}","templated":true}]}}