{"id":968,"date":"2021-01-23T11:56:25","date_gmt":"2021-01-23T10:56:25","guid":{"rendered":"http:\/\/www.dieparteifreien.at\/?page_id=968"},"modified":"2022-01-20T10:18:29","modified_gmt":"2022-01-20T09:18:29","slug":"archiv-2","status":"publish","type":"page","link":"http:\/\/www.dieparteifreien.at\/?page_id=968","title":{"rendered":"Archiv"},"content":{"rendered":"\n<p><a href=\"https:\/\/www.puls24.at\/video\/buergermeister-von-kufstein-die-gesundheit-geht-vor\/short\">https:\/\/www.puls24.at\/video\/buergermeister-von-kufstein-die-gesundheit-geht-vor\/short<\/a><\/p>\n\n\n\n<p><a href=\"https:\/\/www.puls24.at\/video\/krumschnabel-verteidigt-sehr-unangenehme-massnahmen-in-tirol\/short\">https:\/\/www.puls24.at\/video\/krumschnabel-verteidigt-sehr-unangenehme-massnahmen-in-tirol\/short<\/a><\/p>\n\n\n\n<h2 class=\"wp-block-heading\"><strong>Wert-Sch\u00e4tzung der Familie<\/strong> <\/h2>\n\n\n\n<p>von Brigitta Klein<\/p>\n\n\n\n<p>Das Jahr 2020 hat uns alle sehr gefordert. Gerade deshalb m\u00f6chte ich mich bei all jenen KollegInnen im Stadt- und Gemeinderat bedanken, die dem Budget 2021 ihre Zustimmung erteilt haben. Dieses spiegelt ein ausgewogenes und zukunftsorientiertes Bild unserer Stadt wider. Ein mehrheitlicher Budget-Beschluss beweist den B\u00fcrgerinnen und B\u00fcrgern, dass wir als politisch Verantwortliche trotz schwieriger Zeiten f\u00fcr Stabilit\u00e4t und Fortschritt sorgen.<\/p>\n\n\n\n<p>Leider wird die Sitzung des Budgetgemeinderats auch missbraucht, um schon jetzt \u201eVorwahlkampf\u201c zu betreiben oder \u201eum politisches Unverm\u00f6gen\u201c zu verdecken.&nbsp;<\/p>\n\n\n\n<p>Am Beispiel des Bildungsbudgets m\u00f6chte ich dies n\u00e4her erl\u00e4utern. In Kufstein werden j\u00e4hrlich die laufenden Zuwendungen bedarfsgerecht angepasst und erh\u00f6ht. F\u00fcr das Jahr 2021 sind nun 4 Mio. Euro f\u00fcr den laufenden Betrieb der Schulen, 2,7 Mio. f\u00fcr die st\u00e4dtischen Kinderg\u00e4rten vorgesehen. F\u00fcr den privaten Kinderbetreuungsbereich, der f\u00fcr unsere jungen Familien unabdingbar ist, wurden in den letzten Jahren die Zahlungen auf 320.000 Euro\/Jahr eingefroren.<\/p>\n\n\n\n<p>Die ehemalige Bildungsreferentin hat mehrmals vermieden, diese F\u00f6rdersumme f\u00fcr die privaten Kinderkrippen anzupassen. F\u00fcr das Jahr 2021 haben wir nun den Budgetansatz von 320.000 \u20ac auf 450.000 \u20ac erh\u00f6ht. Diese Erh\u00f6hung wird von Teilen der Opposition durch unsachliche Argumentation auch als Grund f\u00fcr ihre Ablehnung des gesamten Budgets 2021 genannt. Welcher Affront f\u00fcr unsere Familien. Das macht mich sehr betroffen. Jedoch werde ich mein Ziel weiterhin verfolgen, entsprechende Subventionen f\u00fcr Kinderbetreuungseinrichtungen zu beantragen. Stabilisierung und Planungssicherung muss gegeben sein und Elternbeitr\u00e4ge m\u00fcssen zuk\u00fcnftig reduziert werden k\u00f6nnen.&nbsp;<\/p>\n\n\n\n<p>Ich m\u00f6chte auch die Gelegenheit nutzen, mich bei allen Bildungseinrichtungen f\u00fcr Ihre Arbeit und immerw\u00e4hrendes Engagement bedanken! Ihr seid wichtige Wegbegleiter f\u00fcr Familien, wertvolle Partner der Stadtgemeinde Kufstein und Teil unserer \u201ekinder- und familienfreundlichengemeinde\u201c.<\/p>\n\n\n\n<h2 class=\"wp-block-heading\"><strong>Januar 202<\/strong>1: Eine Frage des Vertrauens<\/h2>\n\n\n\n<p>von Klaus Reitberger<\/p>\n\n\n\n<p>Gerne w\u00fcrde ich hier von aktuellen Highlights im Kulturgeschehen unserer Festungsstadt sprechen, doch das kann ich nicht. Immer noch wird jegliche Planung von der Pandemie erschwert oder unm\u00f6glich gemacht. Mein Dank gilt allen, die der Krise zum Trotz Kunst und Kultur geschaffen haben. Hier denke ich etwa an die Online-Streams der Arche Noe, die Video-Lesungen des Stadttheaters und an viele lokale K\u00fcnstler*innen, welche die virtuelle Welt mit Musik, Farbe und Besinnlichkeit geflutet haben. Danke!<\/p>\n\n\n\n<p>Wie es im neuen Jahr mit Kunst und Kultur in Kufstein weitergehen wird, h\u00e4ngt von uns allen ab. Ich bin guten Mutes, dass wir bis Ende des Jahres unsere gewohnten Freiheiten \u2013 und dazu geh\u00f6rt auch die Freiheit, uns in vollen Konzert- und Theaters\u00e4len aufzuhalten \u2013 wiederbekommen werden. Ich f\u00fcrchte aber, dass es l\u00e4nger dauern wird, als es dauern m\u00fcsste. Umfragen haben Ende Dezember ergeben, dass mehr als die H\u00e4lfte der Tiroler Bev\u00f6lkerung beabsichtigt, sich nicht gegen Covid19 impfen zu lassen. Offenbar haben viele Menschen nicht nur das Vertrauen in die politischen Entscheidungstr\u00e4ger*innen, sondern auch das Vertrauen in Medizin und Wissenschaft verloren. Wir befinden uns nicht nur in einer Gesundheitskrise, sondern ebenso in einer Vertrauenskrise. Als promovierter Physiker liegt auch mir das Prinzip des Zweifels wesentlich n\u00e4her als unkritische Vertrauensseligkeit. Doch in der gegenw\u00e4rtigen Situation, in der ich beispiellose Einigkeit zwischen Regierungen und Institutionen aller Welt erkenne, ist meine Einsch\u00e4tzung klar: Ich vertraue darauf, dass diese Impfung die Pandemie beenden, Leben retten, die Wirtschaft wieder auf Kurs bringen und auch die Kultur in Kufstein neu beleben wird. Ziehen wir diesen Wahnsinn nicht k\u00fcnstlich in die L\u00e4nge! Geben wir der Wissenschaft eine Chance, dieses uns\u00e4gliche Virus zu besiegen. Es liegt in unserer Hand.<\/p>\n\n\n\n<p>Doch was auch immer Ihre Meinung dazu sei, in jedem Fall w\u00fcnsche ich Ihnen ein sch\u00f6nes und gesundes Jahr 2021!<\/p>\n","protected":false},"excerpt":{"rendered":"<p>https:\/\/www.puls24.at\/video\/buergermeister-von-kufstein-die-gesundheit-geht-vor\/short https:\/\/www.puls24.at\/video\/krumschnabel-verteidigt-sehr-unangenehme-massnahmen-in-tirol\/short Wert-Sch\u00e4tzung der Familie von Brigitta Klein Das Jahr<\/p>\n","protected":false},"author":1,"featured_media":0,"parent":0,"menu_order":6,"comment_status":"closed","ping_status":"closed","template":"","meta":{"footnotes":""},"class_list":["post-968","page","type-page","status-publish","hentry","comments-off"],"_links":{"self":[{"href":"http:\/\/www.dieparteifreien.at\/index.php?rest_route=\/wp\/v2\/pages\/968","targetHints":{"allow":["GET"]}}],"collection":[{"href":"http:\/\/www.dieparteifreien.at\/index.php?rest_route=\/wp\/v2\/pages"}],"about":[{"href":"http:\/\/www.dieparteifreien.at\/index.php?rest_route=\/wp\/v2\/types\/page"}],"author":[{"embeddable":true,"href":"http:\/\/www.dieparteifreien.at\/index.php?rest_route=\/wp\/v2\/users\/1"}],"replies":[{"embeddable":true,"href":"http:\/\/www.dieparteifreien.at\/index.php?rest_route=%2Fwp%2Fv2%2Fcomments&post=968"}],"version-history":[{"count":2,"href":"http:\/\/www.dieparteifreien.at\/index.php?rest_route=\/wp\/v2\/pages\/968\/revisions"}],"predecessor-version":[{"id":1220,"href":"http:\/\/www.dieparteifreien.at\/index.php?rest_route=\/wp\/v2\/pages\/968\/revisions\/1220"}],"wp:attachment":[{"href":"http:\/\/www.dieparteifreien.at\/index.php?rest_route=%2Fwp%2Fv2%2Fmedia&parent=968"}],"curies":[{"name":"wp","href":"https:\/\/api.w.org\/{rel}","templated":true}]}}